{"id":631,"date":"2020-12-01T08:00:00","date_gmt":"2020-12-01T07:00:00","guid":{"rendered":"https:\/\/jecsofa.fr\/?page_id=631"},"modified":"2022-12-02T13:28:50","modified_gmt":"2022-12-02T12:28:50","slug":"charity","status":"publish","type":"page","link":"https:\/\/jecsofa.fr\/?page_id=631","title":{"rendered":"Charity"},"content":{"rendered":"<p>Every year the club tries to raise some funds for charity by holding a club barbecue.<\/p>\n<p><em>Chaque ann\u00e9e, le club essaie de r\u00e9colter des fonds pour une \u0153uvre de charit\u00e9 en organisant un barbecue.<\/em><\/p>\n<p>&#8212;&#8212;&#8212;&#8212;&#8212;&#8212;&#8212;&#8212;&#8212;&#8212;&#8212;&#8212;&#8212;&#8212;&#8212;&#8212;&#8212;&#8212;&#8212;&#8212;&#8212;&#8212;&#8212;&#8212;&#8212;&#8212;&#8212;&#8212;&#8212;<\/p>\n<p>The 2022 Event was hosted by Alan &amp; Jackie Barnes, and the club was able to donate \u20ac1,350 to children&#8217;s charities supported by Open Gardens\/Jardins Ouverts.<\/p>\n<p><em>L&#8217;\u00e9v\u00e9nement 2022 a \u00e9t\u00e9 organis\u00e9 par Alan et Jackie Barnes, et le club a pu faire don de 1 350 \u20ac \u00e0 des organisations caritatives pour enfants soutenues par Open Gardens\/Jardins Ouverts.<\/em><\/p>\n<p>&#8212;&#8212;&#8212;&#8212;&#8212;&#8212;&#8212;&#8212;&#8212;&#8212;&#8212;&#8212;&#8212;&#8212;&#8212;&#8212;&#8212;&#8212;&#8212;&#8212;&#8212;&#8212;&#8212;&#8212;&#8212;&#8212;&#8212;&#8212;&#8212;<\/p>\n<p>The\u00a0 2021 Event was hosted by Ian &amp; Jo Campbell and the club was able to donate \u20ac1500 to the Monpazier fire station.<\/p>\n<p><em>L&#8217;\u00e9v\u00e9nement 2021 a \u00e9t\u00e9 organis\u00e9 par Ian et Jo Campbell et le club a pu faire un don de 1 500 \u20ac \u00e0 la caserne de pompiers Monpazier.<\/em><\/p>\n<p>&#8212;&#8212;&#8212;&#8212;&#8212;&#8212;&#8212;&#8212;&#8212;&#8212;&#8212;&#8212;&#8212;&#8212;&#8212;&#8212;&#8212;&#8212;&#8212;&#8212;&#8212;&#8212;&#8212;&#8212;&#8212;&#8212;&#8212;&#8212;&#8212;-<\/p>\n<p>The 2020 event was hosted by Alan &amp; Jackie Barnes, and the club was able to donate \u20ac1,500 to children&#8217;s charities supported by Open Gardens\/Jardins Ouverts.<\/p>\n<p><em>L&#8217;\u00e9v\u00e9nement 2020 a \u00e9t\u00e9 organis\u00e9 par Alan et Jackie Barnes, et le club a pu faire don de 1 500 \u20ac \u00e0 des organisations caritatives pour enfants soutenues par Open Gardens\/Jardins Ouverts.<\/em><\/p>\n<p>&#8212;&#8212;&#8212;&#8212;&#8212;&#8212;&#8212;&#8212;&#8212;&#8212;&#8212;&#8212;&#8212;&#8212;&#8212;&#8212;&#8212;&#8212;&#8212;&#8212;&#8212;&#8212;&#8212;&#8212;&#8212;&#8212;&#8212;&#8212;&#8212;<\/p>\n<p>The 2019 event was hosted by Chris &amp; Anne Park, and the club was able to donate \u20ac1,500 (\u00a31,375) to Diabetes UK.<\/p>\n<p><em>L&#8217;\u00e9v\u00e9nement de 2019 a \u00e9t\u00e9 organis\u00e9 par Chris et Anne Park, et le club a pu faire un don de 1 500 \u20ac (1 375 \u00a3) \u00e0 Diabetes UK.<\/em><\/p>\n<p>&#8212;&#8212;&#8212;&#8212;&#8212;&#8212;&#8212;&#8212;&#8212;&#8212;&#8212;&#8212;&#8212;&#8212;&#8212;&#8212;&#8212;&#8212;&#8212;&#8212;&#8212;&#8212;&#8212;&#8212;&#8212;&#8212;&#8212;&#8212;&#8212;&#8212;<\/p>\n<p>The 2018 event was hosted by Robert and Melody Stanton, and the club was able to donate \u20ac1,000 to Cancer Support France Dordogne-Riberac.<\/p>\n<p><em>L&#8217;\u00e9v\u00e9nement 2018 a \u00e9t\u00e9 accueilli par Robert et Melody Stanton, et le club a pu faire don de 1 000 \u20ac \u00e0 Cancer Support France Dordogne-Riberac.<\/em><\/p>\n<p>&#8212;&#8212;&#8212;&#8212;&#8212;&#8212;&#8212;&#8212;&#8212;&#8212;&#8212;&#8212;&#8212;&#8212;&#8212;&#8212;&#8212;&#8212;&#8212;&#8212;&#8212;&#8212;&#8212;&#8212;&#8212;&#8212;&#8212;&#8212;&#8212;&#8211;<\/p>\n<p>The 2017 event was hosted by Tim &amp; Laura Sankey, and the club was able to donate \u20ac1,000 to\u00a0Sightsavers.<\/p>\n<p><em>L&#8217;\u00e9v\u00e9nement 2017 a \u00e9t\u00e9 organis\u00e9 par Tim et Laura Sankey, et le club a pu faire don de 1 000 \u20ac \u00e0 Sightsavers.<\/em><\/p>\n<p>&#8212;&#8212;&#8212;&#8212;&#8212;&#8212;&#8212;&#8212;&#8212;&#8212;&#8212;&#8212;&#8212;&#8212;&#8212;&#8212;&#8212;&#8212;&#8212;&#8212;&#8212;&#8212;&#8212;&#8212;&#8212;&#8212;&#8212;&#8212;&#8212;&#8212;<\/p>\n<p>The 2016 event was hosted by Chris &amp; Anne Park, and the club was able to donate \u20ac500 to Cancer Research UK.<\/p>\n<p><em>L&#8217;\u00e9v\u00e9nement 2016 a \u00e9t\u00e9 accueilli par Chris &amp; Anne Park, et le club a pu faire un don de 500 \u20ac \u00e0 Cancer Research UK.<\/em><\/p>\n<p>&#8212;&#8212;&#8212;&#8212;&#8212;&#8212;&#8212;&#8212;&#8212;&#8212;&#8212;&#8212;&#8212;&#8212;&#8212;&#8212;&#8212;&#8212;&#8212;&#8212;&#8212;&#8212;&#8212;&#8212;&#8212;&#8212;&#8212;&#8212;&#8212;&#8212;<\/p>\n<p>The 2015 event was hosted by Mike &amp; Ros Kanter, and the club was able to donate\u00a0\u20ac200 to Cancer Support France.<\/p>\n<p><em>L&#8217;\u00e9v\u00e9nement 2015 a \u00e9t\u00e9 accueilli par Mike &amp; Ros Kanter, et le club a pu faire un don de 200 \u20ac \u00e0 Cancer Support France.<\/em><\/p>\n","protected":false},"excerpt":{"rendered":"<p>Every year the club tries to raise some funds for charity by holding a club barbecue. Chaque ann\u00e9e, le club essaie de r\u00e9colter des fonds pour une \u0153uvre de charit\u00e9 en organisant un barbecue. &#8212;&#8212;&#8212;&#8212;&#8212;&#8212;&#8212;&#8212;&#8212;&#8212;&#8212;&#8212;&#8212;&#8212;&#8212;&#8212;&#8212;&#8212;&#8212;&#8212;&#8212;&#8212;&#8212;&#8212;&#8212;&#8212;&#8212;&#8212;&#8212; The 2022 Event was hosted by Alan &amp; Jackie Barnes, and the club was able to donate \u20ac1,350 to children&#8217;s &hellip; <a href=\"https:\/\/jecsofa.fr\/?page_id=631\" class=\"more-link\">Continue reading <span class=\"screen-reader-text\">Charity<\/span> <span class=\"meta-nav\">&rarr;<\/span><\/a><\/p>\n","protected":false},"author":1,"featured_media":0,"parent":0,"menu_order":0,"comment_status":"closed","ping_status":"closed","template":"","meta":{"footnotes":""},"class_list":["post-631","page","type-page","status-publish","hentry"],"_links":{"self":[{"href":"https:\/\/jecsofa.fr\/index.php?rest_route=\/wp\/v2\/pages\/631","targetHints":{"allow":["GET"]}}],"collection":[{"href":"https:\/\/jecsofa.fr\/index.php?rest_route=\/wp\/v2\/pages"}],"about":[{"href":"https:\/\/jecsofa.fr\/index.php?rest_route=\/wp\/v2\/types\/page"}],"author":[{"embeddable":true,"href":"https:\/\/jecsofa.fr\/index.php?rest_route=\/wp\/v2\/users\/1"}],"replies":[{"embeddable":true,"href":"https:\/\/jecsofa.fr\/index.php?rest_route=%2Fwp%2Fv2%2Fcomments&post=631"}],"version-history":[{"count":7,"href":"https:\/\/jecsofa.fr\/index.php?rest_route=\/wp\/v2\/pages\/631\/revisions"}],"predecessor-version":[{"id":2557,"href":"https:\/\/jecsofa.fr\/index.php?rest_route=\/wp\/v2\/pages\/631\/revisions\/2557"}],"wp:attachment":[{"href":"https:\/\/jecsofa.fr\/index.php?rest_route=%2Fwp%2Fv2%2Fmedia&parent=631"}],"curies":[{"name":"wp","href":"https:\/\/api.w.org\/{rel}","templated":true}]}}