{"id":3891,"date":"2025-12-02T17:29:32","date_gmt":"2025-12-02T16:29:32","guid":{"rendered":"https:\/\/jecsofa.fr\/?page_id=3891"},"modified":"2026-03-19T14:15:25","modified_gmt":"2026-03-19T13:15:25","slug":"2026-evenements","status":"publish","type":"page","link":"https:\/\/jecsofa.fr\/?page_id=3891","title":{"rendered":"2026 \u00c9V\u00c9NEMENTS"},"content":{"rendered":"\n<p><\/p>\n\n\n\n<p><a href=\"https:\/\/jecsofa.fr\/wp-content\/uploads\/2026\/03\/Calendrier-des-evenements-2026.pdf\">Calendrier des \u00e9v\u00e9nements 2026<\/a><\/p>\n\n\n\n<p><a href=\"https:\/\/jecsofa.fr\/wp-content\/uploads\/2026\/02\/AGENDA-AGA-2026-Fr.pdf\">Avril 25 &#8211; Agenda AGA<\/a><\/p>\n\n\n\n<p><a href=\"https:\/\/jecsofa.fr\/wp-content\/uploads\/2026\/02\/DETAILS-DE-LAGA-2026.pdf\">Avril 25 et 26 &#8211; D\u00e9tails de l&#8217;AGA et Rotary rallye<\/a><\/p>\n\n\n\n<p><a href=\"https:\/\/jecsofa.fr\/wp-content\/uploads\/2025\/12\/VOYAGE-DES-QUATRE-VALLEES.pdf\">Mai 4-9&nbsp;&nbsp;Voyages des quatre vall\u00e9es<\/a><\/p>\n\n\n\n<p><a href=\"https:\/\/jecsofa.fr\/wp-content\/uploads\/2025\/12\/RALLYE-DE-REGULARTITE.pdf\">Juin &#8211; Qu&#8217;est-ce qu&#8217;un rallye de regularit\u00e9?<\/a><\/p>\n\n\n\n<p><a href=\"https:\/\/jecsofa.fr\/wp-content\/uploads\/2026\/02\/DETAILS-DU-RALLYE-DE-REGULARITE.pdf\">Juin 1 et 2 &#8211; D\u00e9tails du rallye de regularit\u00e9<\/a><\/p>\n\n\n\n<p><\/p>\n","protected":false},"excerpt":{"rendered":"<p>Calendrier des \u00e9v\u00e9nements 2026 Avril 25 &#8211; Agenda AGA Avril 25 et 26 &#8211; D\u00e9tails de l&#8217;AGA et Rotary rallye Mai 4-9&nbsp;&nbsp;Voyages des quatre vall\u00e9es Juin &#8211; Qu&#8217;est-ce qu&#8217;un rallye de regularit\u00e9? Juin 1 et 2 &#8211; D\u00e9tails du rallye de regularit\u00e9<\/p>\n","protected":false},"author":1,"featured_media":0,"parent":0,"menu_order":0,"comment_status":"closed","ping_status":"closed","template":"","meta":{"footnotes":""},"class_list":["post-3891","page","type-page","status-publish","hentry"],"_links":{"self":[{"href":"https:\/\/jecsofa.fr\/index.php?rest_route=\/wp\/v2\/pages\/3891","targetHints":{"allow":["GET"]}}],"collection":[{"href":"https:\/\/jecsofa.fr\/index.php?rest_route=\/wp\/v2\/pages"}],"about":[{"href":"https:\/\/jecsofa.fr\/index.php?rest_route=\/wp\/v2\/types\/page"}],"author":[{"embeddable":true,"href":"https:\/\/jecsofa.fr\/index.php?rest_route=\/wp\/v2\/users\/1"}],"replies":[{"embeddable":true,"href":"https:\/\/jecsofa.fr\/index.php?rest_route=%2Fwp%2Fv2%2Fcomments&post=3891"}],"version-history":[{"count":23,"href":"https:\/\/jecsofa.fr\/index.php?rest_route=\/wp\/v2\/pages\/3891\/revisions"}],"predecessor-version":[{"id":3942,"href":"https:\/\/jecsofa.fr\/index.php?rest_route=\/wp\/v2\/pages\/3891\/revisions\/3942"}],"wp:attachment":[{"href":"https:\/\/jecsofa.fr\/index.php?rest_route=%2Fwp%2Fv2%2Fmedia&parent=3891"}],"curies":[{"name":"wp","href":"https:\/\/api.w.org\/{rel}","templated":true}]}}