{"id":3789,"date":"2025-10-13T10:44:13","date_gmt":"2025-10-13T09:44:13","guid":{"rendered":"https:\/\/jecsofa.fr\/?page_id=3789"},"modified":"2025-11-14T17:02:49","modified_gmt":"2025-11-14T16:02:49","slug":"october-2025-octobre","status":"publish","type":"page","link":"https:\/\/jecsofa.fr\/?page_id=3789","title":{"rendered":"OCTOBER 2025 OCTOBRE"},"content":{"rendered":"\n<p class=\"has-medium-font-size\"><\/p>\n\n\n<div class=\"wp-block-image\">\n<figure class=\"aligncenter size-large\"><a href=\"https:\/\/jecsofa.fr\/wp-content\/uploads\/2025\/11\/bbq25-scaled.jpg\"><img loading=\"lazy\" decoding=\"async\" width=\"1024\" height=\"576\" src=\"https:\/\/jecsofa.fr\/wp-content\/uploads\/2025\/11\/bbq25-1024x576.jpg\" alt=\"\" class=\"wp-image-3868\" srcset=\"https:\/\/jecsofa.fr\/wp-content\/uploads\/2025\/11\/bbq25-1024x576.jpg 1024w, https:\/\/jecsofa.fr\/wp-content\/uploads\/2025\/11\/bbq25-300x169.jpg 300w, https:\/\/jecsofa.fr\/wp-content\/uploads\/2025\/11\/bbq25-768x432.jpg 768w, https:\/\/jecsofa.fr\/wp-content\/uploads\/2025\/11\/bbq25-1536x864.jpg 1536w, https:\/\/jecsofa.fr\/wp-content\/uploads\/2025\/11\/bbq25-2048x1152.jpg 2048w\" sizes=\"auto, (max-width: 1024px) 100vw, 1024px\" \/><\/a><\/figure><\/div>\n\n\n<p class=\"has-medium-font-size\"><em>The weekend of the 4th\/5th October found a group of mixed Jags ranging from 1958 to around 2010, a 1970s Merc and a classic Triumph cruising around the St-Emilion and Monbazillac area, pausing here and there to learn about the wine-making methods and taste a few wines at the Grand Cru Class\u00e9 St-Emilion Ch\u00e2teau La Marzelle and at Ch\u00e2teau Monbazillac itself, where we not only had an excellent tasting of sweet white wines, but were also free to roam around the beautiful ch\u00e2teau.&nbsp;&nbsp;<\/em><\/p>\n\n\n\n<p class=\"has-medium-font-size\"><em>A copious and delicious luncheon was had at the Caf\u00e9 de la Paix in the old town of Duras on Saturday and in spite of a drizzly rain, we all enjoyed a guided tour of the ancient Ch\u00e2teau de Duras afterwards.&nbsp; Some of us also profited from the proximity of the Maison des Vins and a wonderful chocolaterie, where some more tastings and surreptitious purchases may have taken place!&nbsp; A comfortable night in Marmande was followed by the Monbazillac visit and then a superb lunch at Le Semillon restaurant, situated just below the Ch\u00e2teau.&nbsp; A few of us were lucky enough to extend our weekend with a very jolly evening at the nearby home of one of our members and then it was off home again on Monday morning.<\/em><\/p>\n\n\n\n<p class=\"has-medium-font-size\"><em>Our next trip in November will be a visit to the Bassins des Lumi\u00e8res in Bordeaux.<\/em><\/p>\n\n\n\n<p><\/p>\n","protected":false},"excerpt":{"rendered":"<p>The weekend of the 4th\/5th October found a group of mixed Jags ranging from 1958 to around 2010, a 1970s Merc and a classic Triumph cruising around the St-Emilion and Monbazillac area, pausing here and there to learn about the wine-making methods and taste a few wines at the Grand Cru Class\u00e9 St-Emilion Ch\u00e2teau La &hellip; <a href=\"https:\/\/jecsofa.fr\/?page_id=3789\" class=\"more-link\">Continue reading <span class=\"screen-reader-text\">OCTOBER 2025 OCTOBRE<\/span> <span class=\"meta-nav\">&rarr;<\/span><\/a><\/p>\n","protected":false},"author":1,"featured_media":0,"parent":0,"menu_order":0,"comment_status":"closed","ping_status":"closed","template":"page-templates\/full-width.php","meta":{"footnotes":""},"class_list":["post-3789","page","type-page","status-publish","hentry"],"_links":{"self":[{"href":"https:\/\/jecsofa.fr\/index.php?rest_route=\/wp\/v2\/pages\/3789","targetHints":{"allow":["GET"]}}],"collection":[{"href":"https:\/\/jecsofa.fr\/index.php?rest_route=\/wp\/v2\/pages"}],"about":[{"href":"https:\/\/jecsofa.fr\/index.php?rest_route=\/wp\/v2\/types\/page"}],"author":[{"embeddable":true,"href":"https:\/\/jecsofa.fr\/index.php?rest_route=\/wp\/v2\/users\/1"}],"replies":[{"embeddable":true,"href":"https:\/\/jecsofa.fr\/index.php?rest_route=%2Fwp%2Fv2%2Fcomments&post=3789"}],"version-history":[{"count":12,"href":"https:\/\/jecsofa.fr\/index.php?rest_route=\/wp\/v2\/pages\/3789\/revisions"}],"predecessor-version":[{"id":3873,"href":"https:\/\/jecsofa.fr\/index.php?rest_route=\/wp\/v2\/pages\/3789\/revisions\/3873"}],"wp:attachment":[{"href":"https:\/\/jecsofa.fr\/index.php?rest_route=%2Fwp%2Fv2%2Fmedia&parent=3789"}],"curies":[{"name":"wp","href":"https:\/\/api.w.org\/{rel}","templated":true}]}}