{"id":3507,"date":"2023-12-07T18:58:49","date_gmt":"2023-12-07T17:58:49","guid":{"rendered":"https:\/\/jecsofa.fr\/?page_id=3507"},"modified":"2024-04-22T14:33:23","modified_gmt":"2024-04-22T13:33:23","slug":"2024-evenements","status":"publish","type":"page","link":"https:\/\/jecsofa.fr\/?page_id=3507","title":{"rendered":"2024 \u00c9V\u00c9NEMENTS"},"content":{"rendered":"<div><b><i>Vendredi 5 avril &#8211; AGA \u00e0 Angoul\u00eame <\/i><\/b><b><i>\u00e0<\/i><\/b><b><i>\u00a0l&#8217;h\u00f4tel Mercure<\/i><\/b><\/div>\n<div><a href=\"https:\/\/jecsofa.fr\/wp-content\/uploads\/2024\/01\/AGM-2024-Angouleme-FR.pdf\"><em>Cliquez ici.<\/em><\/a><\/div>\n<div><i>Organisateur &#8211; John Sharp<\/i><\/div>\n<div><b>\u00a0<\/b><\/div>\n<div><b><i>26-28 avril &#8211; Autour de Villeneuve-Sur-Lot s\u00e9jour de 2-3 jours<\/i><\/b><\/div>\n<div><a href=\"https:\/\/jecsofa.fr\/wp-content\/uploads\/2024\/02\/Villeneuve-sur-Lot-FR.pdf\"><em>Cliquez ici.<\/em><\/a><\/div>\n<div><a href=\"https:\/\/jecsofa.fr\/wp-content\/uploads\/2024\/02\/FORM-VILLENEUVE.pdf\"><em>Inscription ici.<\/em><\/a><\/div>\n<div><i>Organisateur &#8211; Philippe Hugot<\/i><\/div>\n<div><b>\u00a0<\/b><\/div>\n<div><b><i>Mercredi 29 mai &#8211; Chateau La Ressaudie &#8211; sortie, visite et d\u00e9gustation de vins. <\/i><\/b><a href=\"https:\/\/jecsofa.fr\/wp-content\/uploads\/2024\/03\/Chateau-Ressaudie-Version-FR.pdf\"><i>Cliquez ici.<\/i><\/a><\/div>\n<div><i>Organisateur &#8211; John Sharp<\/i><\/div>\n<div><b>\u00a0<\/b><\/div>\n<div><b><i>Samedi 15 juin &#8211; expo de voitures \u00e0 Brant\u00f4me<\/i><\/b><\/div>\n<div><i>Organis\u00e9 par un comit\u00e9 de voitures de collection \u00e0 Brant\u00f4me. <a href=\"https:\/\/jecsofa.fr\/wp-content\/uploads\/2024\/01\/Sortie-Brantome-15-juin-2024-FR1.pdf\">Cliquez ici<\/a>.<\/i><\/div>\n<div><i>Liaison pour JECSOF\/A &#8211; R\u00e9gis di Giulio<\/i><\/div>\n<div><b>\u00a0<\/b><\/div>\n<div><b><i>Juillet &#8211; rien de pr\u00e9vu <\/i><\/b><b><i>\u00e0<\/i><\/b><b><i>\u00a0pr\u00e9sent, mais on va peut-\u00eatre choisir une sortie de la liste fournie par Graham Raw<\/i><\/b><\/div>\n<div><b>\u00a0<\/b><\/div>\n<div><b><i>Dimanche 1 septembre &#8211; barbecue annuel de charit\u00e9 \u00e0 40380 St Jean de Lier \u00e0 la maison de vacances de R\u00e9gis et Evelyne di Giulio. <\/i><\/b><a href=\"https:\/\/jecsofa.fr\/wp-content\/uploads\/2024\/04\/BBQ-CHARITE-2024.pdf\"><i>Cliquez ici.<\/i><\/a><\/div>\n<div><i>Organisateur &#8211; Regis di Giulio<\/i><\/div>\n<div><b>\u00a0<\/b><\/div>\n<div><b><i>Du 13 au 15 septembre &#8211; weekend des remparts \u00e0 Angoul\u00eame <\/i><\/b><i>&#8211; Organisateurs &#8211; John McLennan et John Sharp<\/i><\/div>\n<div><b>\u00a0<\/b><\/div>\n<div><b><i>A partir du 3 octobre &#8211; un voyage d&#8217;environ 7 jours en Espagne et en Andorre conjointement avec 2 r\u00e9gions espagnoles et la r\u00e9gion de la Loire de la JEC\u00a0<\/i><\/b><\/div>\n<div><i>Liaisons pour JECSOF\/A &#8211; Chris Park et John McLennan<\/i><\/div>\n<div><b>\u00a0<\/b><\/div>\n<div><b><i>Novembre &#8211; possibilit\u00e9 d&#8217;une visite aux Bassins des Lumi\u00e8res <\/i><\/b><b><i>\u00e0<\/i><\/b><b><i>\u00a0Bordeaux et r\u00e9union du comit\u00e9 pour discuter le programme d&#8217;\u00e9v\u00e9nements pour 2025<\/i><\/b><\/div>\n<div><i>Date <\/i><i>\u00e0<\/i><i>\u00a0determiner\u00a0<\/i><\/div>\n<div><i>Organisateur &#8211; Chris Park<\/i><\/div>\n","protected":false},"excerpt":{"rendered":"<p>Vendredi 5 avril &#8211; AGA \u00e0 Angoul\u00eame \u00e0\u00a0l&#8217;h\u00f4tel Mercure Cliquez ici. Organisateur &#8211; John Sharp \u00a0 26-28 avril &#8211; Autour de Villeneuve-Sur-Lot s\u00e9jour de 2-3 jours Cliquez ici. Inscription ici. Organisateur &#8211; Philippe Hugot \u00a0 Mercredi 29 mai &#8211; Chateau La Ressaudie &#8211; sortie, visite et d\u00e9gustation de vins. Cliquez ici. Organisateur &#8211; John Sharp &hellip; <a href=\"https:\/\/jecsofa.fr\/?page_id=3507\" class=\"more-link\">Continue reading <span class=\"screen-reader-text\">2024 \u00c9V\u00c9NEMENTS<\/span> <span class=\"meta-nav\">&rarr;<\/span><\/a><\/p>\n","protected":false},"author":1,"featured_media":0,"parent":0,"menu_order":0,"comment_status":"closed","ping_status":"closed","template":"","meta":{"footnotes":""},"class_list":["post-3507","page","type-page","status-publish","hentry"],"_links":{"self":[{"href":"https:\/\/jecsofa.fr\/index.php?rest_route=\/wp\/v2\/pages\/3507","targetHints":{"allow":["GET"]}}],"collection":[{"href":"https:\/\/jecsofa.fr\/index.php?rest_route=\/wp\/v2\/pages"}],"about":[{"href":"https:\/\/jecsofa.fr\/index.php?rest_route=\/wp\/v2\/types\/page"}],"author":[{"embeddable":true,"href":"https:\/\/jecsofa.fr\/index.php?rest_route=\/wp\/v2\/users\/1"}],"replies":[{"embeddable":true,"href":"https:\/\/jecsofa.fr\/index.php?rest_route=%2Fwp%2Fv2%2Fcomments&post=3507"}],"version-history":[{"count":22,"href":"https:\/\/jecsofa.fr\/index.php?rest_route=\/wp\/v2\/pages\/3507\/revisions"}],"predecessor-version":[{"id":3588,"href":"https:\/\/jecsofa.fr\/index.php?rest_route=\/wp\/v2\/pages\/3507\/revisions\/3588"}],"wp:attachment":[{"href":"https:\/\/jecsofa.fr\/index.php?rest_route=%2Fwp%2Fv2%2Fmedia&parent=3507"}],"curies":[{"name":"wp","href":"https:\/\/api.w.org\/{rel}","templated":true}]}}