{"id":3318,"date":"2023-04-05T16:10:22","date_gmt":"2023-04-05T15:10:22","guid":{"rendered":"https:\/\/jecsofa.fr\/?page_id=3318"},"modified":"2023-04-05T16:10:32","modified_gmt":"2023-04-05T15:10:32","slug":"charity-appeal","status":"publish","type":"page","link":"https:\/\/jecsofa.fr\/?page_id=3318","title":{"rendered":"Charity Appeal"},"content":{"rendered":"\n<p><strong>Hello to All Our Friends in JECSOFA<\/strong><\/p>\n\n\n\n<p><strong>In 2017, almost six years ago and at the age of just 13, our beloved granddaughter Lily decided to take her own life. As a family, we were and still are, devastated. Not a day goes by without Lily being in our thoughts and we will never understand why! This month on 24<sup>th<\/sup>&nbsp;April we will be joining with the members and friends of three other families who have suffered in the same way.<\/strong><\/p>\n\n\n\n<p><strong>Over 5 days, we will be walking 100 miles of the West Highland Way to raise money for three very worthwhile causes that support young people who may be thinking of suicide. Please help by either donating or spreading the news of our fundraising event. Our fundraising page is &nbsp;<a href=\"https:\/\/www.sponsorme.co.uk\/maryharper\/connecting-on-the-west-highland-way.aspx\" target=\"_blank\" rel=\"noreferrer noopener\">https:\/\/www.sponsorme.co.uk\/maryharper\/connecting-on-the-west-highland-way.aspx<\/a>&nbsp;and the attached press release gives more information about what we are trying to achieve. If you would prefer to make a donation in euros, please send a cheque payable to SHARP MJ and I will add your donation directly. &nbsp;Thank you for your kind support.&nbsp;<\/strong><\/p>\n\n\n\n<p><strong>Very Best Wishes John and Tricia Sharp<\/strong><\/p>\n\n\n\n<p><strong>Bonjour \u00e0 tous nos amis de la JECSOFA<\/strong><\/p>\n\n\n\n<p><strong>En 2017, il y a presque six ans et \u00e0 l&#8217;\u00e2ge de 13 ans seulement, notre petite-fille bien-aim\u00e9e Lily a d\u00e9cid\u00e9 de mettre fin \u00e0 ses jours. En tant que famille, nous \u00e9tions et sommes toujours d\u00e9vast\u00e9s. Il ne se passe pas un jour sans que Lily ne soit dans nos pens\u00e9es et nous ne comprendrons jamais pourquoi ! Ce mois-ci, le 24 avril, nous nous joindrons aux membres et aux amis de trois autres familles qui ont souffert de la m\u00eame mani\u00e8re.&nbsp;<\/strong><\/p>\n\n\n\n<p><strong>Pendant 5 jours, nous marcherons 160 km sur le West Highland Way afin de collecter des fonds pour trois causes tr\u00e8s utiles qui soutiennent les jeunes qui peuvent penser au suicide. Merci de nous aider en faisant un don ou en diffusant notre collecte de fonds. Notre page de collecte de fonds est&nbsp;<a href=\"https:\/\/www.sponsorme.co.uk\/maryharper\/connecting-on-the-west-highland-way.aspx\" target=\"_blank\" rel=\"noreferrer noopener\">https:\/\/www.sponsorme.co.uk\/maryharper\/connecting-on-the-west-highland-way.aspx<\/a>&nbsp;et le communiqu\u00e9 de presse ci-joint donne plus d&#8217;informations sur ce que nous essayons de r\u00e9aliser. Si vous pr\u00e9f\u00e9rez faire un don en euros, veuillez envoyer un ch\u00e8que \u00e0 l&#8217;ordre de SHARP MJ et j&#8217;ajouterai votre don directement.&nbsp; Je vous remercie de votre soutien.&nbsp;<\/strong><\/p>\n\n\n\n<p><strong>Meilleurs v\u0153ux John et Tricia Sharp<\/strong><\/p>\n","protected":false},"excerpt":{"rendered":"<p>Hello to All Our Friends in JECSOFA In 2017, almost six years ago and at the age of just 13, our beloved granddaughter Lily decided to take her own life. As a family, we were and still are, devastated. Not a day goes by without Lily being in our thoughts and we will never understand &hellip; <a href=\"https:\/\/jecsofa.fr\/?page_id=3318\" class=\"more-link\">Continue reading <span class=\"screen-reader-text\">Charity Appeal<\/span> <span class=\"meta-nav\">&rarr;<\/span><\/a><\/p>\n","protected":false},"author":1,"featured_media":0,"parent":0,"menu_order":0,"comment_status":"closed","ping_status":"closed","template":"","meta":{"footnotes":""},"class_list":["post-3318","page","type-page","status-publish","hentry"],"_links":{"self":[{"href":"https:\/\/jecsofa.fr\/index.php?rest_route=\/wp\/v2\/pages\/3318","targetHints":{"allow":["GET"]}}],"collection":[{"href":"https:\/\/jecsofa.fr\/index.php?rest_route=\/wp\/v2\/pages"}],"about":[{"href":"https:\/\/jecsofa.fr\/index.php?rest_route=\/wp\/v2\/types\/page"}],"author":[{"embeddable":true,"href":"https:\/\/jecsofa.fr\/index.php?rest_route=\/wp\/v2\/users\/1"}],"replies":[{"embeddable":true,"href":"https:\/\/jecsofa.fr\/index.php?rest_route=%2Fwp%2Fv2%2Fcomments&post=3318"}],"version-history":[{"count":2,"href":"https:\/\/jecsofa.fr\/index.php?rest_route=\/wp\/v2\/pages\/3318\/revisions"}],"predecessor-version":[{"id":3322,"href":"https:\/\/jecsofa.fr\/index.php?rest_route=\/wp\/v2\/pages\/3318\/revisions\/3322"}],"wp:attachment":[{"href":"https:\/\/jecsofa.fr\/index.php?rest_route=%2Fwp%2Fv2%2Fmedia&parent=3318"}],"curies":[{"name":"wp","href":"https:\/\/api.w.org\/{rel}","templated":true}]}}