{"id":3228,"date":"2022-12-13T10:29:32","date_gmt":"2022-12-13T09:29:32","guid":{"rendered":"https:\/\/jecsofa.fr\/?page_id=3228"},"modified":"2022-12-13T10:29:32","modified_gmt":"2022-12-13T09:29:32","slug":"july-2022-juillet","status":"publish","type":"page","link":"https:\/\/jecsofa.fr\/?page_id=3228","title":{"rendered":"JULY 2022 JUILLET"},"content":{"rendered":"\n<figure class=\"wp-block-image size-full\"><a href=\"https:\/\/jecsofa.fr\/wp-content\/uploads\/2022\/12\/Montansier.jpeg\"><img loading=\"lazy\" decoding=\"async\" width=\"1000\" height=\"462\" src=\"https:\/\/jecsofa.fr\/wp-content\/uploads\/2022\/12\/Montansier.jpeg\" alt=\"\" class=\"wp-image-3227\" srcset=\"https:\/\/jecsofa.fr\/wp-content\/uploads\/2022\/12\/Montansier.jpeg 1000w, https:\/\/jecsofa.fr\/wp-content\/uploads\/2022\/12\/Montansier-300x139.jpeg 300w, https:\/\/jecsofa.fr\/wp-content\/uploads\/2022\/12\/Montansier-768x355.jpeg 768w\" sizes=\"auto, (max-width: 1000px) 100vw, 1000px\" \/><\/a><\/figure>\n\n\n\n<p>Down here in the (very) sunny Charente region of France, some 40 Jaguar enthusiasts met at a local winery.\u00a0 There were around 20 cars, being a mixture of Jags from two beautiful XK120s and an XK140 up to the very modern, together with a few interlopers including a Mercedes Pagoda and a Mustang from across the Pond.\u00a0 We enjoyed a wonderful tasting of a variety of Charente wines made by Fran\u00e7ois Jobit, the quality of which has rocketed over the last 20 years.\u00a0\u00a0<br><\/p>\n\n\n\n<p>Once our appetite had been whetted, we adjourned to Le Gueuleton restaurant at Segonzac, run by a good friend of our Club, Cedric Rangier, for a marvellous gourmet meal with plenty of liquid refreshment, rounded off by a fine Cognac.\u00a0 It was all very convivial with a mixture of French, British and Irish participants and we cannot wait to do it all again!<\/p>\n\n\n\n<p><em>Ici, dans la r\u00e9gion (tr\u00e8s) ensoleill\u00e9e de la Charente, une quarantaine d&#8217;amateurs de Jaguar se sont r\u00e9unis dans un vignoble local. Il y avait environ 20 voitures, un m\u00e9lange de Jags allant de deux magnifiques XK120 et d&#8217;un XK140 jusqu&#8217;\u00e0 la plus moderne, ainsi que quelques intrus dont une Mercedes Pagoda et une Mustang d&#8217;outre-Atlantique. Nous avons eu droit \u00e0 une merveilleuse d\u00e9gustation d&#8217;une vari\u00e9t\u00e9 de vins charentais \u00e9labor\u00e9s par Fran\u00e7ois Jobit, dont la qualit\u00e9 a explos\u00e9 au cours des 20 derni\u00e8res ann\u00e9es.<br><\/em><\/p>\n\n\n\n<p><em>Une fois notre app\u00e9tit aiguis\u00e9, nous nous sommes rendus au restaurant Le Gueuleton \u00e0 Segonzac, tenu par un bon ami de notre Club, C\u00e9dric Rangier, pour un merveilleux repas gastronomique accompagn\u00e9 de nombreux rafra\u00eechissements, le tout arros\u00e9 d&#8217;un bon Cognac. Tout cela \u00e9tait tr\u00e8s convivial avec un m\u00e9lange de participants fran\u00e7ais, britanniques et irlandais et nous avons h\u00e2te de recommencer !<\/em><\/p>\n","protected":false},"excerpt":{"rendered":"<p>Down here in the (very) sunny Charente region of France, some 40 Jaguar enthusiasts met at a local winery.\u00a0 There were around 20 cars, being a mixture of Jags from two beautiful XK120s and an XK140 up to the very modern, together with a few interlopers including a Mercedes Pagoda and a Mustang from across &hellip; <a href=\"https:\/\/jecsofa.fr\/?page_id=3228\" class=\"more-link\">Continue reading <span class=\"screen-reader-text\">JULY 2022 JUILLET<\/span> <span class=\"meta-nav\">&rarr;<\/span><\/a><\/p>\n","protected":false},"author":1,"featured_media":0,"parent":0,"menu_order":0,"comment_status":"closed","ping_status":"closed","template":"","meta":{"footnotes":""},"class_list":["post-3228","page","type-page","status-publish","hentry"],"_links":{"self":[{"href":"https:\/\/jecsofa.fr\/index.php?rest_route=\/wp\/v2\/pages\/3228","targetHints":{"allow":["GET"]}}],"collection":[{"href":"https:\/\/jecsofa.fr\/index.php?rest_route=\/wp\/v2\/pages"}],"about":[{"href":"https:\/\/jecsofa.fr\/index.php?rest_route=\/wp\/v2\/types\/page"}],"author":[{"embeddable":true,"href":"https:\/\/jecsofa.fr\/index.php?rest_route=\/wp\/v2\/users\/1"}],"replies":[{"embeddable":true,"href":"https:\/\/jecsofa.fr\/index.php?rest_route=%2Fwp%2Fv2%2Fcomments&post=3228"}],"version-history":[{"count":1,"href":"https:\/\/jecsofa.fr\/index.php?rest_route=\/wp\/v2\/pages\/3228\/revisions"}],"predecessor-version":[{"id":3231,"href":"https:\/\/jecsofa.fr\/index.php?rest_route=\/wp\/v2\/pages\/3228\/revisions\/3231"}],"wp:attachment":[{"href":"https:\/\/jecsofa.fr\/index.php?rest_route=%2Fwp%2Fv2%2Fmedia&parent=3228"}],"curies":[{"name":"wp","href":"https:\/\/api.w.org\/{rel}","templated":true}]}}