{"id":3214,"date":"2022-12-13T09:56:10","date_gmt":"2022-12-13T08:56:10","guid":{"rendered":"https:\/\/jecsofa.fr\/?page_id=3214"},"modified":"2022-12-13T14:03:07","modified_gmt":"2022-12-13T13:03:07","slug":"august-2022-aout","status":"publish","type":"page","link":"https:\/\/jecsofa.fr\/?page_id=3214","title":{"rendered":"AUGUST 2022 AO\u00dbT"},"content":{"rendered":"\n<p>Some 30 members and friends of the Club met up at the lovely home of Alan and Jackie Barnes for our annual charity barbecue.&nbsp;&nbsp;<\/p>\n\n\n\n<p>\u20ac1,300 (including a top-up from Club funds) was raised for Open Gardens (Jardins Ouverts) which supports disabled and seriously-ill children all over France.&nbsp;&nbsp;<\/p>\n\n\n\n<p>There was a fine display of barbecue cooking skills from the men and we managed not to set fire to anything except our sausages!&nbsp; There was also a good display of Jags, with one or two interlopers including an Excalibur, a Porsche roadster and a Mercedes Pagoda.&nbsp;<\/p>\n\n\n\n<p>Our grateful thanks go to all those who attended, some who donated without attending and in particular to Alan and Jackie for their fabulous hospitality.&nbsp;&nbsp;<\/p>\n\n\n\n<p>Our next outing will be to Angouleme on the 17\/18th September for the Circuit des Remparts racing with more old Bugattis and historic racers than you can shake the proverbial stick at.&nbsp;<\/p>\n\n\n\n<p>A number of our members have entered the Rallye des Clubs on the Saturday for an extensive run around the countryside near Angouleme. There will of course be a pause in the Sunday racing at lunchtime (this is France!) where a large number of us are booked into a local restaurant.&nbsp;<\/p>\n\n\n\n<p><\/p>\n\n\n\n<p><em>Une trentaine de membres et amis du Club se sont retrouv\u00e9s dans la charmante maison d&#8217;Alan et Jackie Barnes pour notre barbecue annuel de charit\u00e9.<\/em><\/p>\n\n\n\n<p><em>1.300 \u20ac (y compris un compl\u00e9ment des fonds du Club) ont \u00e9t\u00e9 collect\u00e9s pour les Jardins Ouverts qui soutiennent les enfants handicap\u00e9s et gravement malades dans toute la France.<br><\/em><\/p>\n\n\n\n<p><em>Les hommes ont fait une belle d\u00e9monstration de leurs talents de cuisiniers au barbecue et nous avons r\u00e9ussi \u00e0 ne mettre le feu qu&#8217;\u00e0 nos saucisses ! Il y avait aussi une belle exposition de Jags, avec un ou deux intrus, dont une Excalibur, un roadster Porsche et une Mercedes Pagoda.<br><\/em><\/p>\n\n\n\n<p><em>Nos remerciements vont \u00e0 tous ceux qui ont particip\u00e9, certains qui ont fait un don sans participer et en particulier \u00e0 Alan et Jackie pour leur fabuleuse hospitalit\u00e9.<br><\/em><\/p>\n\n\n\n<p><em>Notre prochaine sortie aura lieu \u00e0 Angoul\u00eame les 17 et 18 septembre pour le Circuit des Remparts, avec plus de vieilles Bugatis et de voitures de course historiques que vous ne pouvez en imaginer.<br><\/em><\/p>\n\n\n\n<p><em>Un certain nombre de nos membres se sont inscrits au Rallye des Clubs le samedi pour une course \u00e9tendue dans la campagne pr\u00e8s d&#8217;Angoul\u00eame. Il y aura bien s\u00fbr une pause dans les courses du dimanche \u00e0 l&#8217;heure du d\u00e9jeuner (c&#8217;est la France !) o\u00f9 un grand nombre d&#8217;entre nous ont r\u00e9serv\u00e9 dans un restaurant local.<\/em><\/p>\n","protected":false},"excerpt":{"rendered":"<p>Some 30 members and friends of the Club met up at the lovely home of Alan and Jackie Barnes for our annual charity barbecue.&nbsp;&nbsp; \u20ac1,300 (including a top-up from Club funds) was raised for Open Gardens (Jardins Ouverts) which supports disabled and seriously-ill children all over France.&nbsp;&nbsp; There was a fine display of barbecue cooking &hellip; <a href=\"https:\/\/jecsofa.fr\/?page_id=3214\" class=\"more-link\">Continue reading <span class=\"screen-reader-text\">AUGUST 2022 AO\u00dbT<\/span> <span class=\"meta-nav\">&rarr;<\/span><\/a><\/p>\n","protected":false},"author":1,"featured_media":0,"parent":0,"menu_order":0,"comment_status":"closed","ping_status":"closed","template":"","meta":{"footnotes":""},"class_list":["post-3214","page","type-page","status-publish","hentry"],"_links":{"self":[{"href":"https:\/\/jecsofa.fr\/index.php?rest_route=\/wp\/v2\/pages\/3214","targetHints":{"allow":["GET"]}}],"collection":[{"href":"https:\/\/jecsofa.fr\/index.php?rest_route=\/wp\/v2\/pages"}],"about":[{"href":"https:\/\/jecsofa.fr\/index.php?rest_route=\/wp\/v2\/types\/page"}],"author":[{"embeddable":true,"href":"https:\/\/jecsofa.fr\/index.php?rest_route=\/wp\/v2\/users\/1"}],"replies":[{"embeddable":true,"href":"https:\/\/jecsofa.fr\/index.php?rest_route=%2Fwp%2Fv2%2Fcomments&post=3214"}],"version-history":[{"count":2,"href":"https:\/\/jecsofa.fr\/index.php?rest_route=\/wp\/v2\/pages\/3214\/revisions"}],"predecessor-version":[{"id":3235,"href":"https:\/\/jecsofa.fr\/index.php?rest_route=\/wp\/v2\/pages\/3214\/revisions\/3235"}],"wp:attachment":[{"href":"https:\/\/jecsofa.fr\/index.php?rest_route=%2Fwp%2Fv2%2Fmedia&parent=3214"}],"curies":[{"name":"wp","href":"https:\/\/api.w.org\/{rel}","templated":true}]}}