{"id":3201,"date":"2022-12-13T09:37:21","date_gmt":"2022-12-13T08:37:21","guid":{"rendered":"https:\/\/jecsofa.fr\/?page_id=3201"},"modified":"2022-12-13T09:46:28","modified_gmt":"2022-12-13T08:46:28","slug":"may-2022-mai","status":"publish","type":"page","link":"https:\/\/jecsofa.fr\/?page_id=3201","title":{"rendered":"MAY 2022 MAI"},"content":{"rendered":"\n<figure class=\"wp-block-image size-large\"><a href=\"https:\/\/jecsofa.fr\/wp-content\/uploads\/2022\/12\/Brassempouy.jpg\"><img loading=\"lazy\" decoding=\"async\" width=\"1024\" height=\"496\" src=\"https:\/\/jecsofa.fr\/wp-content\/uploads\/2022\/12\/Brassempouy-1024x496.jpg\" alt=\"\" class=\"wp-image-3208\" srcset=\"https:\/\/jecsofa.fr\/wp-content\/uploads\/2022\/12\/Brassempouy-1024x496.jpg 1024w, https:\/\/jecsofa.fr\/wp-content\/uploads\/2022\/12\/Brassempouy-300x145.jpg 300w, https:\/\/jecsofa.fr\/wp-content\/uploads\/2022\/12\/Brassempouy-768x372.jpg 768w, https:\/\/jecsofa.fr\/wp-content\/uploads\/2022\/12\/Brassempouy.jpg 1514w\" sizes=\"auto, (max-width: 1024px) 100vw, 1024px\" \/><\/a><\/figure>\n\n\n\n<p>After meeting on Saturday at the Cestas (33) service area, we headed for Labastide d&#8217;Armagnac via the small roads of the Landes for a guided tour of the town. Our guide told us about the history of the town with its royal square, its fortified church and its Landes race festivals. We then went to lunch at the Auberge des Chasseurs in Cr\u00e9on d&#8217;Armagnac. Our meal was generous and everyone enjoyed the local cuisine. Our journey continued to the town of St Sever where our guide was waiting for us to visit the walled town. The abbey church, a Unesco World Heritage Site, is an architectural gem, as is the cloister of the Jacobins. Then we headed for our hotel where we enjoyed a good dinner after leisurely ap\u00e9ros on the terrace. On Sunday morning, we met at 9am and headed for the town of Brassempouy for a visit to the prehistoric museum where our guide showed us &#8220;THE LADY OF BRASSEMPOUY&#8221; and the rudiments of life at the time, including the making of flint-based tools and the use of mushrooms to light a fire. Then we went to the Mouli\u00e9 Farm where we enjoyed a great meal. As the weekend came to an end, everyone took the road back home. It was a beautiful weekend with the sun shining, beautiful roads, a good atmosphere and no breakdowns.<\/p>\n\n\n\n<p><em>Apr\u00e8s s&#8217;\u00eatre retrouv\u00e9s le samedi sur l&#8217;aire de service de Cestas (33), nous avons pris la direction de Labastide d&#8217;Armagnac par les petites routes des Landes pour une visite guid\u00e9e de la ville. Notre guide nous a racont\u00e9 l&#8217;histoire de la ville avec sa place royale, son \u00e9glise fortifi\u00e9e et ses f\u00eates landaises. Nous sommes ensuite all\u00e9s d\u00e9jeuner \u00e0 l&#8217;Auberge des Chasseurs \u00e0 Cr\u00e9on d&#8217;Armagnac. Notre repas \u00e9tait copieux et tout le monde a appr\u00e9ci\u00e9 la cuisine locale. Notre voyage s&#8217;est poursuivi jusqu&#8217;\u00e0 la ville de St Sever o\u00f9 notre guide nous attendait pour visiter la ville fortifi\u00e9e. Le site l&#8217;\u00e9glise abbatiale, class\u00e9e au patrimoine mondial de l&#8217;Unesco, est un joyau architectural, tout comme le clo\u00eetre des Jacobins. Nous nous sommes ensuite dirig\u00e9s vers notre h\u00f4tel o\u00f9 nous avons d\u00e9gust\u00e9 un bon d\u00eener apr\u00e8s des ap\u00e9ros sur la terrasse. Le dimanche matin, nous nous sommes retrouv\u00e9s \u00e0 9 heures pour nous rendre dans la ville de Brassempouy pour une visite du mus\u00e9e de la pr\u00e9histoire o\u00f9 notre guide nous a montr\u00e9 &#8220;LA DAME DE BRASSEMPOUY&#8221; et les rudiments de la vie de l&#8217;\u00e9poque, dont la fabrication d&#8217;outils en silex et l&#8217;utilisation de champignons pour allumer un feu. Ensuite, nous nous sommes rendus \u00e0 la Ferme Mouli\u00e9 o\u00f9 nous avons d\u00e9gust\u00e9 un excellent repas. A la fin du week-end, tout le monde a pris le chemin du retour. Ce fut un beau week-end avec du soleil, de belles routes, une bonne ambiance et aucune panne.<\/em><\/p>\n","protected":false},"excerpt":{"rendered":"<p>After meeting on Saturday at the Cestas (33) service area, we headed for Labastide d&#8217;Armagnac via the small roads of the Landes for a guided tour of the town. Our guide told us about the history of the town with its royal square, its fortified church and its Landes race festivals. We then went to &hellip; <a href=\"https:\/\/jecsofa.fr\/?page_id=3201\" class=\"more-link\">Continue reading <span class=\"screen-reader-text\">MAY 2022 MAI<\/span> <span class=\"meta-nav\">&rarr;<\/span><\/a><\/p>\n","protected":false},"author":1,"featured_media":0,"parent":0,"menu_order":0,"comment_status":"closed","ping_status":"closed","template":"","meta":{"footnotes":""},"class_list":["post-3201","page","type-page","status-publish","hentry"],"_links":{"self":[{"href":"https:\/\/jecsofa.fr\/index.php?rest_route=\/wp\/v2\/pages\/3201","targetHints":{"allow":["GET"]}}],"collection":[{"href":"https:\/\/jecsofa.fr\/index.php?rest_route=\/wp\/v2\/pages"}],"about":[{"href":"https:\/\/jecsofa.fr\/index.php?rest_route=\/wp\/v2\/types\/page"}],"author":[{"embeddable":true,"href":"https:\/\/jecsofa.fr\/index.php?rest_route=\/wp\/v2\/users\/1"}],"replies":[{"embeddable":true,"href":"https:\/\/jecsofa.fr\/index.php?rest_route=%2Fwp%2Fv2%2Fcomments&post=3201"}],"version-history":[{"count":4,"href":"https:\/\/jecsofa.fr\/index.php?rest_route=\/wp\/v2\/pages\/3201\/revisions"}],"predecessor-version":[{"id":3211,"href":"https:\/\/jecsofa.fr\/index.php?rest_route=\/wp\/v2\/pages\/3201\/revisions\/3211"}],"wp:attachment":[{"href":"https:\/\/jecsofa.fr\/index.php?rest_route=%2Fwp%2Fv2%2Fmedia&parent=3201"}],"curies":[{"name":"wp","href":"https:\/\/api.w.org\/{rel}","templated":true}]}}