{"id":3170,"date":"2022-12-13T08:38:28","date_gmt":"2022-12-13T07:38:28","guid":{"rendered":"https:\/\/jecsofa.fr\/?page_id=3170"},"modified":"2025-10-14T09:08:00","modified_gmt":"2025-10-14T08:08:00","slug":"club-mag","status":"publish","type":"page","link":"https:\/\/jecsofa.fr\/?page_id=3170","title":{"rendered":"CLUB MAGAZINE"},"content":{"rendered":"\n<p>JEC UK publish a monthly magazine which usually contains a report from our region.<\/p>\n\n\n\n<p><em>JEC UK publie un magazine mensuel qui contient g\u00e9n\u00e9ralement un rapport de notre r\u00e9gion.<\/em><\/p>\n\n\n\n<p class=\"has-medium-font-size\"><strong>2025<\/strong><\/p>\n\n\n\n<p><a href=\"https:\/\/jecsofa.fr\/wp-content\/uploads\/2025\/10\/October.pdf\" data-type=\"page\" data-id=\"3789\">October 2025 &#8211; Chateau Monbazillac<\/a><\/p>\n\n\n\n<p><a href=\"https:\/\/jecsofa.fr\/wp-content\/uploads\/2025\/10\/BBQ.pdf\" data-type=\"page\" data-id=\"3785\">August 2025 &#8211; BBQ<\/a><\/p>\n\n\n\n<p><a href=\"https:\/\/jecsofa.fr\/wp-content\/uploads\/2025\/10\/Gin.pdf\" data-type=\"page\" data-id=\"3780\">July 2025 &#8211; Gin Distillery<\/a><\/p>\n\n\n\n<p><a href=\"https:\/\/jecsofa.fr\/wp-content\/uploads\/2025\/06\/ACCOUNT-OF-THE-AUVERGNE-TRIP-MAY-2025-1.pdf\">May 2025 &#8211; Auvergne Trip<\/a><\/p>\n\n\n\n<p><a href=\"https:\/\/jecsofa.fr\/wp-content\/uploads\/2025\/06\/RECIT-DU-VOYAGE-EN-AUVERGNE-2025.pdf\">Mai 2025  &#8211; Voyage en Auvergne<\/a><\/p>\n\n\n\n<p class=\"has-medium-font-size\"><strong>2024<\/strong><\/p>\n\n\n\n<p><\/p>\n\n\n\n<p><a href=\"https:\/\/jecsofa.fr\/wp-content\/uploads\/2024\/05\/REPORT-ON-THE-WEEKEND-IN-VILLENEUVE.pdf\">April 2024- Villeneuve-sur-Lot<\/a><\/p>\n\n\n\n<p><a href=\"https:\/\/jecsofa.fr\/wp-content\/uploads\/2024\/05\/SOMMAIRE-DU-WEEKEND-A-VILLENEUVE.pdf\">avril 2024 &#8211; Villeneuve-sur-Lot<\/a><\/p>\n\n\n\n<p><a href=\"https:\/\/jecsofa.fr\/?page_id=3578\" data-type=\"page\" data-id=\"3578\">April 2024 avril &#8211; AGM\/AGA<\/a><\/p>\n\n\n\n<p class=\"has-medium-font-size\"><strong>2023<\/strong><\/p>\n\n\n\n<p><a href=\"https:\/\/jecsofa.fr\/?page_id=3427\" data-type=\"page\" data-id=\"3427\">May 2023 mai &#8211; Medoc Trip<\/a><\/p>\n\n\n\n<p><a href=\"https:\/\/jecsofa.fr\/?page_id=3345\" data-type=\"page\" data-id=\"3345\">April 2023 avril &#8211; AGM\/AGA<\/a><\/p>\n\n\n\n<p class=\"has-medium-font-size\"><strong>2022<\/strong><\/p>\n\n\n\n<p><a href=\"https:\/\/jecsofa.fr\/?page_id=3201\" data-type=\"page\" data-id=\"3201\">May 2022 Mai &#8211; Brassempouy<\/a><\/p>\n\n\n\n<p><a href=\"https:\/\/jecsofa.fr\/?page_id=3219\" data-type=\"page\" data-id=\"3219\">June 2022 Juin &#8211; Biscarosse<\/a><\/p>\n\n\n\n<p><a href=\"https:\/\/jecsofa.fr\/?page_id=3228\" data-type=\"page\" data-id=\"3228\">July 2022 Juillet &#8211; Vins Montansier<\/a><\/p>\n\n\n\n<p><a href=\"https:\/\/jecsofa.fr\/?page_id=3214\" data-type=\"page\" data-id=\"3214\">August 2022 Ao\u00fbt &#8211; Charity BBQ<\/a><\/p>\n\n\n\n<p><a href=\"https:\/\/jecsofa.fr\/?page_id=3153\" data-type=\"page\" data-id=\"3153\">September 2022 Septembre &#8211; Angoul\u00eame<\/a><\/p>\n\n\n","protected":false},"excerpt":{"rendered":"<p>JEC UK publish a monthly magazine which usually contains a report from our region. JEC UK publie un magazine mensuel qui contient g\u00e9n\u00e9ralement un rapport de notre r\u00e9gion. 2025 October 2025 &#8211; Chateau Monbazillac August 2025 &#8211; BBQ July 2025 &#8211; Gin Distillery May 2025 &#8211; Auvergne Trip Mai 2025 &#8211; Voyage en Auvergne 2024 &hellip; <a href=\"https:\/\/jecsofa.fr\/?page_id=3170\" class=\"more-link\">Continue reading <span class=\"screen-reader-text\">CLUB MAGAZINE<\/span> <span class=\"meta-nav\">&rarr;<\/span><\/a><\/p>\n","protected":false},"author":1,"featured_media":3180,"parent":0,"menu_order":0,"comment_status":"closed","ping_status":"closed","template":"","meta":{"footnotes":""},"class_list":["post-3170","page","type-page","status-publish","has-post-thumbnail","hentry"],"_links":{"self":[{"href":"https:\/\/jecsofa.fr\/index.php?rest_route=\/wp\/v2\/pages\/3170","targetHints":{"allow":["GET"]}}],"collection":[{"href":"https:\/\/jecsofa.fr\/index.php?rest_route=\/wp\/v2\/pages"}],"about":[{"href":"https:\/\/jecsofa.fr\/index.php?rest_route=\/wp\/v2\/types\/page"}],"author":[{"embeddable":true,"href":"https:\/\/jecsofa.fr\/index.php?rest_route=\/wp\/v2\/users\/1"}],"replies":[{"embeddable":true,"href":"https:\/\/jecsofa.fr\/index.php?rest_route=%2Fwp%2Fv2%2Fcomments&post=3170"}],"version-history":[{"count":28,"href":"https:\/\/jecsofa.fr\/index.php?rest_route=\/wp\/v2\/pages\/3170\/revisions"}],"predecessor-version":[{"id":3829,"href":"https:\/\/jecsofa.fr\/index.php?rest_route=\/wp\/v2\/pages\/3170\/revisions\/3829"}],"wp:featuredmedia":[{"embeddable":true,"href":"https:\/\/jecsofa.fr\/index.php?rest_route=\/wp\/v2\/media\/3180"}],"wp:attachment":[{"href":"https:\/\/jecsofa.fr\/index.php?rest_route=%2Fwp%2Fv2%2Fmedia&parent=3170"}],"curies":[{"name":"wp","href":"https:\/\/api.w.org\/{rel}","templated":true}]}}