{"id":2489,"date":"2022-08-13T08:14:25","date_gmt":"2022-08-13T07:14:25","guid":{"rendered":"https:\/\/jecsofa.fr\/?page_id=2489"},"modified":"2026-03-19T16:16:55","modified_gmt":"2026-03-19T15:16:55","slug":"welcome-bienvenue","status":"publish","type":"page","link":"https:\/\/jecsofa.fr\/","title":{"rendered":"WELCOME \/ BIENVENUE"},"content":{"rendered":"<div class=\"wp-block-image is-style-rounded\">\n<figure class=\"aligncenter size-full\"><a href=\"https:\/\/jecsofa.fr\/wp-content\/uploads\/2022\/12\/jec-logo.png\"><img loading=\"lazy\" decoding=\"async\" width=\"330\" height=\"226\" src=\"https:\/\/jecsofa.fr\/wp-content\/uploads\/2022\/12\/jec-logo.png\" alt=\"Logo of the Jaguar Enthusiasts&#039; Club with a winged emblem.\" class=\"wp-image-3005\" srcset=\"https:\/\/jecsofa.fr\/wp-content\/uploads\/2022\/12\/jec-logo.png 330w, https:\/\/jecsofa.fr\/wp-content\/uploads\/2022\/12\/jec-logo-300x205.png 300w\" sizes=\"auto, (max-width: 330px) 100vw, 330px\" \/><\/a><\/figure><\/div>\n\n\n<p class=\"has-text-align-center\"><a href=\"https:\/\/jecsofa.fr\/?page_id=1754\">About us<\/a> \/ <a href=\"https:\/\/jecsofa.fr\/?page_id=192\">Qui sommes-nous<\/a><\/p>\n\n\n\n<p class=\"has-text-align-center\"><a href=\"https:\/\/jecsofa.fr\/?page_id=82\">Constitution<\/a> \/ <a href=\"https:\/\/jecsofa.fr\/?page_id=166\">Statuts<\/a><\/p>\n\n\n\n<p class=\"has-text-align-center\"><a href=\"https:\/\/jecsofa.fr\/?page_id=147\" data-type=\"page\" data-id=\"147\">Committee \/ Comit\u00e9<\/a><\/p>\n\n\n\n<p class=\"has-text-align-center\"><a href=\"https:\/\/jecsofa.fr\/?page_id=631\" data-type=\"page\" data-id=\"631\">Charity \/ Charit\u00e9<\/a><\/p>\n\n\n\n<p class=\"has-text-align-center\"><a href=\"https:\/\/jecsofa.fr\/?page_id=3170\" data-type=\"page\" data-id=\"3170\">Recent Events \/ \u00c9v\u00e9nements r\u00e9cents<\/a><\/p>\n\n\n\n<p class=\"has-text-align-center\"><a href=\"https:\/\/jecsofa.fr\/?page_id=3318\" data-type=\"page\" data-id=\"3318\">Charity Appeal \/ Appel \u00e0 la charit\u00e9<\/a><\/p>\n\n\n\n<p><\/p>\n","protected":false},"excerpt":{"rendered":"<p>About us \/ Qui sommes-nous Constitution \/ Statuts Committee \/ Comit\u00e9 Charity \/ Charit\u00e9 Recent Events \/ \u00c9v\u00e9nements r\u00e9cents Charity Appeal \/ Appel \u00e0 la charit\u00e9<\/p>\n","protected":false},"author":1,"featured_media":0,"parent":0,"menu_order":0,"comment_status":"closed","ping_status":"closed","template":"","meta":{"footnotes":""},"class_list":["post-2489","page","type-page","status-publish","hentry"],"_links":{"self":[{"href":"https:\/\/jecsofa.fr\/index.php?rest_route=\/wp\/v2\/pages\/2489","targetHints":{"allow":["GET"]}}],"collection":[{"href":"https:\/\/jecsofa.fr\/index.php?rest_route=\/wp\/v2\/pages"}],"about":[{"href":"https:\/\/jecsofa.fr\/index.php?rest_route=\/wp\/v2\/types\/page"}],"author":[{"embeddable":true,"href":"https:\/\/jecsofa.fr\/index.php?rest_route=\/wp\/v2\/users\/1"}],"replies":[{"embeddable":true,"href":"https:\/\/jecsofa.fr\/index.php?rest_route=%2Fwp%2Fv2%2Fcomments&post=2489"}],"version-history":[{"count":23,"href":"https:\/\/jecsofa.fr\/index.php?rest_route=\/wp\/v2\/pages\/2489\/revisions"}],"predecessor-version":[{"id":3324,"href":"https:\/\/jecsofa.fr\/index.php?rest_route=\/wp\/v2\/pages\/2489\/revisions\/3324"}],"wp:attachment":[{"href":"https:\/\/jecsofa.fr\/index.php?rest_route=%2Fwp%2Fv2%2Fmedia&parent=2489"}],"curies":[{"name":"wp","href":"https:\/\/api.w.org\/{rel}","templated":true}]}}