{"id":192,"date":"2021-01-11T08:15:00","date_gmt":"2021-01-11T07:15:00","guid":{"rendered":"https:\/\/jecsofa.fr\/?page_id=192"},"modified":"2022-12-12T18:33:09","modified_gmt":"2022-12-12T17:33:09","slug":"jec-sofa-fr","status":"publish","type":"page","link":"https:\/\/jecsofa.fr\/?page_id=192","title":{"rendered":"QUI SOMMES-NOUS ?"},"content":{"rendered":"<p id=\"tw-target-text\" dir=\"ltr\" data-placeholder=\"Translation\">Le Jaguar Enthusiasts&#8217; Club ( JEC ) a \u00e9t\u00e9 fond\u00e9e au Royaume-Uni en 1984 et compte aujourd&#8217;hui plus de 20 000 membres dans le monde entier . Ce est le plus grand club Jaguar dans le monde . La section fran\u00e7aise du Club existe depuis plus de 10 ans et est organis\u00e9 en r\u00e9gions &#8211; l&#8217;\u00eatre plus actif Provence, Alpes &amp; Cote d&#8217;Azur (PACA) , Sud-Ouest France \/ Aquitaine et Pays de la Loire \/ Bretagne . Dans chaque r\u00e9gion , il ya un repr\u00e9sentant qui coordonne les activit\u00e9s . Le si\u00e8ge social au Royaume-Uni circule , par courrier , une magazine de 130 pages de couleur mensuelle \u00e0 chaque membre . Il contient de nombreux articles techniques et informations de restauration avec des forums d\u00e9di\u00e9s aux mod\u00e8les Jaguar \/ Daimler anciennes et r\u00e9centes . En outre , il existe un grand nombre de publicit\u00e9s pour les fournisseurs de pi\u00e8ces de rechange, des services et des \u00ab annonces class\u00e9es \u00bb d\u00e9di\u00e9 \u00e0 Jaguars .<\/p>\n<p dir=\"ltr\" data-placeholder=\"Translation\">La r\u00e9gion JEC Sud-Ouest France \/ Aquitaine organise r\u00e9guli\u00e8rement des manifestations , des rassemblements et obtenir des rencontres avec le d\u00e9jeuner tout au long de l&#8217;ann\u00e9e dans notre propre belle r\u00e9gion ainsi que d&#8217;autres lieux d&#8217;int\u00e9r\u00eat o\u00f9 les voitures Jaguar sont les bienvenus .<\/p>\n<p dir=\"ltr\" data-placeholder=\"Translation\">Jaguar Enthusiasts&#8217; Club Sud-Ouest France \/ Aquitaine est une r\u00e9gion affili\u00e9e aux Jaguar Enthusiasts&#8217; Club au Royaume-Uni et est inscrit en vertu du droit fran\u00e7ais avec le num\u00e9ro W171001782 .<\/p>\n<p dir=\"ltr\" data-placeholder=\"Translation\">L&#8217;adh\u00e9sion est bas\u00e9e sur une ann\u00e9e civile et le montant de l&#8217;abonnement annuel est de vingt euros. L&#8217;adh\u00e9sion couvre un chauffeur et son invit\u00e9 \u00e0 des \u00e9v\u00e9nements r\u00e9gionaux . Personnes suppl\u00e9mentaires ou non-membres peuvent assister \u00e0 des \u00e9v\u00e9nements r\u00e9gionaux, mais ils peuvent \u00eatre charg\u00e9 le taux de non- membre. Remplissez le formulaire suivant\u00a0<a href=\"https:\/\/jecsofa.fr\/?page_id=1563\">ADHERER \/ RENOUVELER<\/a> (Cliquez sur le lien)<\/p>\n\n\n<p><\/p>\n","protected":false},"excerpt":{"rendered":"<p>Le Jaguar Enthusiasts&#8217; Club ( JEC ) a \u00e9t\u00e9 fond\u00e9e au Royaume-Uni en 1984 et compte aujourd&#8217;hui plus de 20 000 membres dans le monde entier . Ce est le plus grand club Jaguar dans le monde . La section fran\u00e7aise du Club existe depuis plus de 10 ans et est organis\u00e9 en r\u00e9gions &#8211; &hellip; <a href=\"https:\/\/jecsofa.fr\/?page_id=192\" class=\"more-link\">Continue reading <span class=\"screen-reader-text\">QUI SOMMES-NOUS ?<\/span> <span class=\"meta-nav\">&rarr;<\/span><\/a><\/p>\n","protected":false},"author":1,"featured_media":0,"parent":0,"menu_order":0,"comment_status":"closed","ping_status":"open","template":"","meta":{"footnotes":""},"class_list":["post-192","page","type-page","status-publish","hentry"],"_links":{"self":[{"href":"https:\/\/jecsofa.fr\/index.php?rest_route=\/wp\/v2\/pages\/192","targetHints":{"allow":["GET"]}}],"collection":[{"href":"https:\/\/jecsofa.fr\/index.php?rest_route=\/wp\/v2\/pages"}],"about":[{"href":"https:\/\/jecsofa.fr\/index.php?rest_route=\/wp\/v2\/types\/page"}],"author":[{"embeddable":true,"href":"https:\/\/jecsofa.fr\/index.php?rest_route=\/wp\/v2\/users\/1"}],"replies":[{"embeddable":true,"href":"https:\/\/jecsofa.fr\/index.php?rest_route=%2Fwp%2Fv2%2Fcomments&post=192"}],"version-history":[{"count":6,"href":"https:\/\/jecsofa.fr\/index.php?rest_route=\/wp\/v2\/pages\/192\/revisions"}],"predecessor-version":[{"id":3163,"href":"https:\/\/jecsofa.fr\/index.php?rest_route=\/wp\/v2\/pages\/192\/revisions\/3163"}],"wp:attachment":[{"href":"https:\/\/jecsofa.fr\/index.php?rest_route=%2Fwp%2Fv2%2Fmedia&parent=192"}],"curies":[{"name":"wp","href":"https:\/\/api.w.org\/{rel}","templated":true}]}}