{"id":1563,"date":"2021-12-14T15:04:51","date_gmt":"2021-12-14T14:04:51","guid":{"rendered":"https:\/\/jecsofa.fr\/?page_id=1563"},"modified":"2023-12-08T15:23:58","modified_gmt":"2023-12-08T14:23:58","slug":"adherer-fr","status":"publish","type":"page","link":"https:\/\/jecsofa.fr\/?page_id=1563","title":{"rendered":"ADH\u00c9RER OU RENOUVELER"},"content":{"rendered":"\n<p style=\"font-style:normal;font-weight:700\">JEC-SOFA\/A est une r\u00e9gion affili\u00e9e au Jaguar Enthusiasts&#8217; Club UK. Il est enregistr\u00e9 en France sous le num\u00e9ro W171001782. L&#8217;adh\u00e9sion se fait sur la base d&#8217;une ann\u00e9e civile. <\/p>\n\n\n\n<p style=\"font-style:normal;font-weight:700\">Tout nouveau membre adh\u00e9rant apr\u00e8s le 1er octobre re\u00e7oit une adh\u00e9sion compl\u00e8te de 12 mois pour l&#8217;ann\u00e9e suivante. Les frais d&#8217;adh\u00e9sion sont de 20 \u20ac par an, ce qui inclut une voiture et jusqu&#8217;\u00e0 2 personnes \u00e0 tout \u00e9v\u00e9nement r\u00e9gional. Les membres poss\u00e9dant plus d&#8217;une voiture peuvent bien s\u00fbr amener la voiture de leur choix \u00e0 n&#8217;importe quel \u00e9v\u00e9nement. Non-adh\u00e9rents sont les bienvenus aux \u00e9v\u00e9nements mais seront factur\u00e9s 20 \u20ac de plus. Cela leur donnera cependant une adh\u00e9sion pour l&#8217;ann\u00e9e enti\u00e8re et leur permettra de participer \u00e0 d&#8217;autres \u00e9v\u00e9nements. <\/p>\n\n\n\n<p style=\"font-style:normal;font-weight:700\">Veuillez remplir le formulaire ci-dessous et le renvoyer au tr\u00e9sorier John Sharp \u00e0  <a href=\"mailto:sharpie0061@gmail.com\">sharpie0061@gmail.com<\/a> et  copie \u00e0  <a href=\"mailto:sec.jecsofa@gmail.com\">sec.jecsofa@gmail.com<\/a>&nbsp;le paiement se fait uniquement par virement bancaire. <strong>N&#8217;oubliez pas d&#8217;utiliser votre nom comme r\u00e9f\u00e9rence<\/strong>.<\/p>\n\n\n\n<p style=\"font-style:normal;font-weight:700\">Veuillez indiquer que le paiement a \u00e9t\u00e9 effectu\u00e9 en cochant la case correspondante : Oui \/ Non<\/p>\n\n\n\n<p><strong>Credit Agricole BIC \u2013 AGRIFRPP824<\/strong> <\/p>\n\n\n\n<p><strong><strong>IBAN \u2013 FR  7612 4060 0121 8002 5008 492 80<\/strong><\/strong><\/p>\n\n\n\n<p><strong>Membre 1 Nom complet\u2026\u2026\u2026\u2026\u2026\u2026\u2026\u2026\u2026\u2026\u2026\u2026\u2026\u2026\u2026\u2026\u2026\u2026\u2026\u2026\u2026\u2026<\/strong><\/p>\n\n\n\n<p><strong>Membre 2 Nom complet\u2026\u2026\u2026\u2026\u2026\u2026\u2026\u2026\u2026\u2026\u2026\u2026\u2026\u2026\u2026\u2026\u2026&#8230;\u2026\u2026\u2026\u2026<\/strong><\/p>\n\n\n\n<p><strong>Adresse\u2026\u2026\u2026\u2026\u2026\u2026\u2026\u2026\u2026\u2026\u2026\u2026\u2026\u2026\u2026\u2026\u2026\u2026\u2026\u2026\u2026\u2026\u2026\u2026\u2026\u2026\u2026\u2026\u2026&#8230;&#8230;&#8230;<\/strong><\/p>\n\n\n\n<p><strong>Num\u00e9ro(s) de t\u00e9l\u00e9phone du contact principal\u2026\u2026\u2026\u2026\u2026\u2026\u2026\u2026&#8230;&#8230;<\/strong><\/p>\n\n\n\n<p><strong>Adresse \u00e9lectronique\u2026\u2026\u2026\u2026\u2026\u2026\u2026\u2026\u2026\u2026\u2026\u2026\u2026\u2026\u2026\u2026\u2026\u2026&#8230;\u2026\u2026\u2026\u2026..<\/strong><\/p>\n\n\n\n<p><strong>Sign\u00e9\u2026\u2026\u2026\u2026\u2026\u2026\u2026\u2026\u2026\u2026&#8230;&#8230;&#8230;&#8230;&#8230;.\u2026\u2026&#8230;&#8230;&#8230;..   Date\u2026\u2026\u2026\u2026\u2026\u2026\u2026\u2026&#8230;.<\/strong><\/p>\n\n\n\n<p><strong>En signant ce formulaire, vous acceptez d&#8217;\u00eatre li\u00e9 par les r\u00e8gles, les termes et les conditions dans la section des documents.<\/strong><\/p>\n\n\n\r\n<div \r\n\tclass=\"noPrint align wp-block-ppb-print-page\"\tid='ppbPrintPage-1' \r\n\tdata-attributes='{&quot;cId&quot;:&quot;37a29907-3&quot;,&quot;btnText&quot;:&quot;Imprimer&quot;,&quot;align&quot;:&quot;&quot;,&quot;alignment&quot;:&quot;center&quot;,&quot;buttonVariant&quot;:&quot;default&quot;,&quot;isPrintSection&quot;:false,&quot;sectionSelector&quot;:&quot;&quot;,&quot;isModal&quot;:false,&quot;isHeaderFooter&quot;:true,&quot;isBackground&quot;:false,&quot;isLayout&quot;:false,&quot;removeSelectors&quot;:&quot;&quot;,&quot;isIcon&quot;:true,&quot;icon&quot;:{&quot;type&quot;:&quot;default&quot;,&quot;default&quot;:&quot;fcPrinter&quot;,&quot;url&quot;:&quot;&quot;},&quot;isText&quot;:true,&quot;btnTypo&quot;:{&quot;fontSize&quot;:{&quot;desktop&quot;:22,&quot;tablet&quot;:20,&quot;mobile&quot;:18}},&quot;btnColors&quot;:{&quot;color&quot;:&quot;#4527a4&quot;,&quot;bg&quot;:&quot;#4527a433&quot;},&quot;btnHoverColors&quot;:{&quot;color&quot;:&quot;#4527a4&quot;,&quot;bg&quot;:&quot;#4527a433&quot;},&quot;btnPadding&quot;:{&quot;vertical&quot;:&quot;5px&quot;,&quot;horizontal&quot;:&quot;15px&quot;},&quot;btnBorder&quot;:{&quot;radius&quot;:&quot;5px&quot;},&quot;btnShadow&quot;:[],&quot;hoverBtnShadow&quot;:[]}'\r\n>\r\n<\/div>\r\n","protected":false},"excerpt":{"rendered":"<p>JEC-SOFA\/A est une r\u00e9gion affili\u00e9e au Jaguar Enthusiasts&#8217; Club UK. Il est enregistr\u00e9 en France sous le num\u00e9ro W171001782. L&#8217;adh\u00e9sion se fait sur la base d&#8217;une ann\u00e9e civile. Tout nouveau membre adh\u00e9rant apr\u00e8s le 1er octobre re\u00e7oit une adh\u00e9sion compl\u00e8te de 12 mois pour l&#8217;ann\u00e9e suivante. Les frais d&#8217;adh\u00e9sion sont de 20 \u20ac par an, &hellip; <a href=\"https:\/\/jecsofa.fr\/?page_id=1563\" class=\"more-link\">Continue reading <span class=\"screen-reader-text\">ADH\u00c9RER OU RENOUVELER<\/span> <span class=\"meta-nav\">&rarr;<\/span><\/a><\/p>\n","protected":false},"author":1,"featured_media":0,"parent":0,"menu_order":0,"comment_status":"closed","ping_status":"closed","template":"","meta":{"footnotes":""},"class_list":["post-1563","page","type-page","status-publish","hentry"],"_links":{"self":[{"href":"https:\/\/jecsofa.fr\/index.php?rest_route=\/wp\/v2\/pages\/1563","targetHints":{"allow":["GET"]}}],"collection":[{"href":"https:\/\/jecsofa.fr\/index.php?rest_route=\/wp\/v2\/pages"}],"about":[{"href":"https:\/\/jecsofa.fr\/index.php?rest_route=\/wp\/v2\/types\/page"}],"author":[{"embeddable":true,"href":"https:\/\/jecsofa.fr\/index.php?rest_route=\/wp\/v2\/users\/1"}],"replies":[{"embeddable":true,"href":"https:\/\/jecsofa.fr\/index.php?rest_route=%2Fwp%2Fv2%2Fcomments&post=1563"}],"version-history":[{"count":28,"href":"https:\/\/jecsofa.fr\/index.php?rest_route=\/wp\/v2\/pages\/1563\/revisions"}],"predecessor-version":[{"id":3522,"href":"https:\/\/jecsofa.fr\/index.php?rest_route=\/wp\/v2\/pages\/1563\/revisions\/3522"}],"wp:attachment":[{"href":"https:\/\/jecsofa.fr\/index.php?rest_route=%2Fwp%2Fv2%2Fmedia&parent=1563"}],"curies":[{"name":"wp","href":"https:\/\/api.w.org\/{rel}","templated":true}]}}